{"id":11,"date":"2023-08-02T20:16:05","date_gmt":"2023-08-02T20:16:05","guid":{"rendered":"http:\/\/kids.concejodeitagui.gov.co\/wp\/?page_id=11"},"modified":"2025-07-14T14:50:12","modified_gmt":"2025-07-14T14:50:12","slug":"inicio","status":"publish","type":"page","link":"https:\/\/kids.concejodeitagui.gov.co\/wp\/","title":{"rendered":"Inicio"},"content":{"rendered":"\t\t<div data-elementor-type=\"wp-page\" data-elementor-id=\"11\" class=\"elementor elementor-11\" data-elementor-post-type=\"page\">\n\t\t\t\t\t\t<section class=\"elementor-section elementor-top-section elementor-element elementor-element-a9d8772 elementor-section-boxed elementor-section-height-default elementor-section-height-default\" data-id=\"a9d8772\" data-element_type=\"section\" data-settings=\"{&quot;background_background&quot;:&quot;classic&quot;}\">\n\t\t\t\t\t\t\t<div class=\"elementor-background-overlay\"><\/div>\n\t\t\t\t\t\t\t<div class=\"elementor-container elementor-column-gap-default\">\n\t\t\t\t\t<div class=\"elementor-column elementor-col-100 elementor-top-column elementor-element elementor-element-1f3fe06\" data-id=\"1f3fe06\" data-element_type=\"column\">\n\t\t\t<div class=\"elementor-widget-wrap elementor-element-populated\">\n\t\t\t\t\t\t<section class=\"elementor-section elementor-inner-section elementor-element elementor-element-83726f6 elementor-section-boxed elementor-section-height-default elementor-section-height-default\" data-id=\"83726f6\" data-element_type=\"section\">\n\t\t\t\t\t\t<div class=\"elementor-container elementor-column-gap-default\">\n\t\t\t\t\t<div class=\"elementor-column elementor-col-33 elementor-inner-column elementor-element elementor-element-55c69a1\" data-id=\"55c69a1\" data-element_type=\"column\">\n\t\t\t<div class=\"elementor-widget-wrap\">\n\t\t\t\t\t\t\t<\/div>\n\t\t<\/div>\n\t\t\t\t<div class=\"elementor-column elementor-col-33 elementor-inner-column elementor-element elementor-element-4e98093\" data-id=\"4e98093\" data-element_type=\"column\">\n\t\t\t<div class=\"elementor-widget-wrap elementor-element-populated\">\n\t\t\t\t\t\t<div class=\"elementor-element elementor-element-b6e106a elementor-invisible elementor-widget elementor-widget-image\" data-id=\"b6e106a\" data-element_type=\"widget\" data-settings=\"{&quot;_animation&quot;:&quot;zoomIn&quot;}\" data-widget_type=\"image.default\">\n\t\t\t\t<div class=\"elementor-widget-container\">\n\t\t\t\t\t\t\t\t\t\t\t\t\t\t\t<img fetchpriority=\"high\" decoding=\"async\" width=\"362\" height=\"433\" src=\"https:\/\/kids.concejodeitagui.gov.co\/wp\/wp-content\/uploads\/2025\/07\/KIDS-PNG.png\" class=\"attachment-large size-large wp-image-135\" alt=\"\" srcset=\"https:\/\/kids.concejodeitagui.gov.co\/wp\/wp-content\/uploads\/2025\/07\/KIDS-PNG.png 362w, https:\/\/kids.concejodeitagui.gov.co\/wp\/wp-content\/uploads\/2025\/07\/KIDS-PNG-251x300.png 251w\" sizes=\"(max-width: 362px) 100vw, 362px\" \/>\t\t\t\t\t\t\t\t\t\t\t\t\t\t\t<\/div>\n\t\t\t\t<\/div>\n\t\t\t\t\t<\/div>\n\t\t<\/div>\n\t\t\t\t<div class=\"elementor-column elementor-col-33 elementor-inner-column elementor-element elementor-element-914274c\" data-id=\"914274c\" data-element_type=\"column\">\n\t\t\t<div class=\"elementor-widget-wrap\">\n\t\t\t\t\t\t\t<\/div>\n\t\t<\/div>\n\t\t\t\t\t<\/div>\n\t\t<\/section>\n\t\t\t\t\t<\/div>\n\t\t<\/div>\n\t\t\t\t\t<\/div>\n\t\t<\/section>\n\t\t\t\t<section class=\"elementor-section elementor-top-section elementor-element elementor-element-28f46a9 elementor-section-boxed elementor-section-height-default elementor-section-height-default\" data-id=\"28f46a9\" data-element_type=\"section\" id=\"concejo\" data-settings=\"{&quot;background_background&quot;:&quot;classic&quot;}\">\n\t\t\t\t\t\t<div class=\"elementor-container elementor-column-gap-default\">\n\t\t\t\t\t<div class=\"elementor-column elementor-col-100 elementor-top-column elementor-element elementor-element-eba3afb\" data-id=\"eba3afb\" data-element_type=\"column\">\n\t\t\t<div class=\"elementor-widget-wrap elementor-element-populated\">\n\t\t\t\t\t\t<section class=\"elementor-section elementor-inner-section elementor-element elementor-element-f4a362e elementor-section-boxed elementor-section-height-default elementor-section-height-default\" data-id=\"f4a362e\" data-element_type=\"section\">\n\t\t\t\t\t\t<div class=\"elementor-container elementor-column-gap-default\">\n\t\t\t\t\t<div class=\"elementor-column elementor-col-50 elementor-inner-column elementor-element elementor-element-83950ae\" data-id=\"83950ae\" data-element_type=\"column\">\n\t\t\t<div class=\"elementor-widget-wrap elementor-element-populated\">\n\t\t\t\t\t\t<div class=\"elementor-element elementor-element-4b4d889 elementor-widget elementor-widget-heading\" data-id=\"4b4d889\" data-element_type=\"widget\" data-widget_type=\"heading.default\">\n\t\t\t\t<div class=\"elementor-widget-container\">\n\t\t\t\t\t<h2 class=\"elementor-heading-title elementor-size-default\">\u00bfQU\u00c9 ES EL CONCEJO MUNICIPAL?<\/h2>\t\t\t\t<\/div>\n\t\t\t\t<\/div>\n\t\t\t\t<div class=\"elementor-element elementor-element-71ab5b8 elementor-widget elementor-widget-text-editor\" data-id=\"71ab5b8\" data-element_type=\"widget\" data-widget_type=\"text-editor.default\">\n\t\t\t\t<div class=\"elementor-widget-container\">\n\t\t\t\t\t\t\t\t\t<p>Es la corporaci\u00f3n administrativa de composici\u00f3n plural (colegiada) que existe en cada municipio, cuyos miembros son elegidos por voto popular de los ciudadanos registrados en el respectivo censo electoral, para periodos de cuatro (4) a\u00f1os. (C.N. art. 132). El concejo carece de potestad legislativa, porque ella est\u00e1 concentrada en el Congreso de la Rep\u00fablica.<\/p>\t\t\t\t\t\t\t\t<\/div>\n\t\t\t\t<\/div>\n\t\t\t\t\t<\/div>\n\t\t<\/div>\n\t\t\t\t<div class=\"elementor-column elementor-col-50 elementor-inner-column elementor-element elementor-element-110b847\" data-id=\"110b847\" data-element_type=\"column\">\n\t\t\t<div class=\"elementor-widget-wrap elementor-element-populated\">\n\t\t\t\t\t\t<div class=\"elementor-element elementor-element-95b191f elementor-widget elementor-widget-image\" data-id=\"95b191f\" data-element_type=\"widget\" data-widget_type=\"image.default\">\n\t\t\t\t<div class=\"elementor-widget-container\">\n\t\t\t\t\t\t\t\t\t\t\t\t\t\t\t<img decoding=\"async\" width=\"363\" height=\"436\" src=\"https:\/\/kids.concejodeitagui.gov.co\/wp\/wp-content\/uploads\/2023\/08\/imagen-quien-es-el-concejo.png\" class=\"attachment-large size-large wp-image-24\" alt=\"\" srcset=\"https:\/\/kids.concejodeitagui.gov.co\/wp\/wp-content\/uploads\/2023\/08\/imagen-quien-es-el-concejo.png 363w, https:\/\/kids.concejodeitagui.gov.co\/wp\/wp-content\/uploads\/2023\/08\/imagen-quien-es-el-concejo-250x300.png 250w\" sizes=\"(max-width: 363px) 100vw, 363px\" \/>\t\t\t\t\t\t\t\t\t\t\t\t\t\t\t<\/div>\n\t\t\t\t<\/div>\n\t\t\t\t\t<\/div>\n\t\t<\/div>\n\t\t\t\t\t<\/div>\n\t\t<\/section>\n\t\t\t\t\t<\/div>\n\t\t<\/div>\n\t\t\t\t\t<\/div>\n\t\t<\/section>\n\t\t\t\t<section class=\"elementor-section elementor-top-section elementor-element elementor-element-075a47a elementor-section-boxed elementor-section-height-default elementor-section-height-default\" data-id=\"075a47a\" data-element_type=\"section\" data-settings=\"{&quot;background_background&quot;:&quot;classic&quot;}\">\n\t\t\t\t\t\t<div class=\"elementor-container elementor-column-gap-default\">\n\t\t\t\t\t<div class=\"elementor-column elementor-col-100 elementor-top-column elementor-element elementor-element-11abeac\" data-id=\"11abeac\" data-element_type=\"column\">\n\t\t\t<div class=\"elementor-widget-wrap elementor-element-populated\">\n\t\t\t\t\t\t<section class=\"elementor-section elementor-inner-section elementor-element elementor-element-914d944 elementor-section-boxed elementor-section-height-default elementor-section-height-default\" data-id=\"914d944\" data-element_type=\"section\">\n\t\t\t\t\t\t<div class=\"elementor-container elementor-column-gap-default\">\n\t\t\t\t\t<div class=\"elementor-column elementor-col-50 elementor-inner-column elementor-element elementor-element-6eee32b\" data-id=\"6eee32b\" data-element_type=\"column\">\n\t\t\t<div class=\"elementor-widget-wrap elementor-element-populated\">\n\t\t\t\t\t\t<div class=\"elementor-element elementor-element-b76d6dd elementor-widget elementor-widget-image\" data-id=\"b76d6dd\" data-element_type=\"widget\" data-widget_type=\"image.default\">\n\t\t\t\t<div class=\"elementor-widget-container\">\n\t\t\t\t\t\t\t\t\t\t\t\t\t\t\t<img decoding=\"async\" width=\"644\" height=\"442\" src=\"https:\/\/kids.concejodeitagui.gov.co\/wp\/wp-content\/uploads\/2023\/08\/imagen-cuantos-concejales.png\" class=\"attachment-large size-large wp-image-28\" alt=\"\" srcset=\"https:\/\/kids.concejodeitagui.gov.co\/wp\/wp-content\/uploads\/2023\/08\/imagen-cuantos-concejales.png 644w, https:\/\/kids.concejodeitagui.gov.co\/wp\/wp-content\/uploads\/2023\/08\/imagen-cuantos-concejales-300x206.png 300w\" sizes=\"(max-width: 644px) 100vw, 644px\" \/>\t\t\t\t\t\t\t\t\t\t\t\t\t\t\t<\/div>\n\t\t\t\t<\/div>\n\t\t\t\t\t<\/div>\n\t\t<\/div>\n\t\t\t\t<div class=\"elementor-column elementor-col-50 elementor-inner-column elementor-element elementor-element-911ab05\" data-id=\"911ab05\" data-element_type=\"column\">\n\t\t\t<div class=\"elementor-widget-wrap elementor-element-populated\">\n\t\t\t\t\t\t<div class=\"elementor-element elementor-element-f9ec28d elementor-widget elementor-widget-heading\" data-id=\"f9ec28d\" data-element_type=\"widget\" data-widget_type=\"heading.default\">\n\t\t\t\t<div class=\"elementor-widget-container\">\n\t\t\t\t\t<h2 class=\"elementor-heading-title elementor-size-default\">\u00bfCU\u00c1NTOS CONCEJALES INTEGRAN EL CONCEJO?<\/h2>\t\t\t\t<\/div>\n\t\t\t\t<\/div>\n\t\t\t\t<div class=\"elementor-element elementor-element-9653c32 elementor-widget elementor-widget-text-editor\" data-id=\"9653c32\" data-element_type=\"widget\" data-widget_type=\"text-editor.default\">\n\t\t\t\t<div class=\"elementor-widget-container\">\n\t\t\t\t\t\t\t\t\t<p>Un Concejo Municipal lo componen no menos de siete (7) ni m\u00e1s de veinti\u00fan (21) miembros, seg\u00fan el n\u00famero de habitantes del municipio. En Itag\u00fc\u00ed se eligen 17 (17) Concejales por tener una poblaci\u00f3n inferior a doscientos cincuenta y un habitantes (250.001), seg\u00fan el \u00faltimo censo poblacional. Ley 136\/94 art. 22.<\/p>\t\t\t\t\t\t\t\t<\/div>\n\t\t\t\t<\/div>\n\t\t\t\t\t<\/div>\n\t\t<\/div>\n\t\t\t\t\t<\/div>\n\t\t<\/section>\n\t\t\t\t\t<\/div>\n\t\t<\/div>\n\t\t\t\t\t<\/div>\n\t\t<\/section>\n\t\t\t\t<section class=\"elementor-section elementor-top-section elementor-element elementor-element-08c7aef elementor-section-boxed elementor-section-height-default elementor-section-height-default\" data-id=\"08c7aef\" data-element_type=\"section\" data-settings=\"{&quot;background_background&quot;:&quot;classic&quot;}\">\n\t\t\t\t\t\t<div class=\"elementor-container elementor-column-gap-default\">\n\t\t\t\t\t<div class=\"elementor-column elementor-col-100 elementor-top-column elementor-element elementor-element-086e0c8\" data-id=\"086e0c8\" data-element_type=\"column\">\n\t\t\t<div class=\"elementor-widget-wrap elementor-element-populated\">\n\t\t\t\t\t\t<section class=\"elementor-section elementor-inner-section elementor-element elementor-element-1e27e63 elementor-section-boxed elementor-section-height-default elementor-section-height-default\" data-id=\"1e27e63\" data-element_type=\"section\">\n\t\t\t\t\t\t<div class=\"elementor-container elementor-column-gap-default\">\n\t\t\t\t\t<div class=\"elementor-column elementor-col-50 elementor-inner-column elementor-element elementor-element-14ca0e4\" data-id=\"14ca0e4\" data-element_type=\"column\">\n\t\t\t<div class=\"elementor-widget-wrap elementor-element-populated\">\n\t\t\t\t\t\t<div class=\"elementor-element elementor-element-89a928b elementor-widget elementor-widget-heading\" data-id=\"89a928b\" data-element_type=\"widget\" data-widget_type=\"heading.default\">\n\t\t\t\t<div class=\"elementor-widget-container\">\n\t\t\t\t\t<h2 class=\"elementor-heading-title elementor-size-default\">\u00bfC\u00d3MO SE COMPONE LA MESA DIRECTIVA DEL CONCEJO?<\/h2>\t\t\t\t<\/div>\n\t\t\t\t<\/div>\n\t\t\t\t<div class=\"elementor-element elementor-element-48c95da elementor-widget elementor-widget-text-editor\" data-id=\"48c95da\" data-element_type=\"widget\" data-widget_type=\"text-editor.default\">\n\t\t\t\t<div class=\"elementor-widget-container\">\n\t\t\t\t\t\t\t\t\t<p>Cada Concejo elige internamente su Mesa Directiva para un periodo de un (1) a\u00f1o, compuesta por un presidente, un vicepresidente primero y un vicepresidente segundo, no pudiendo reelegirse ninguno de sus dignatarios para el siguiente. En caso de falta temporal del presidente, entrar\u00e1n a reemplazarlo los vicepresidentes en su orden. En caso de falta absoluta de alguno de quienes componen la Mesa Directiva, se procede a reemplazarlo mediante nueva elecci\u00f3n para el resto del periodo.<\/p>\t\t\t\t\t\t\t\t<\/div>\n\t\t\t\t<\/div>\n\t\t\t\t\t<\/div>\n\t\t<\/div>\n\t\t\t\t<div class=\"elementor-column elementor-col-50 elementor-inner-column elementor-element elementor-element-707c6cc\" data-id=\"707c6cc\" data-element_type=\"column\">\n\t\t\t<div class=\"elementor-widget-wrap elementor-element-populated\">\n\t\t\t\t\t\t<div class=\"elementor-element elementor-element-f0f9c93 elementor-widget elementor-widget-image\" data-id=\"f0f9c93\" data-element_type=\"widget\" data-widget_type=\"image.default\">\n\t\t\t\t<div class=\"elementor-widget-container\">\n\t\t\t\t\t\t\t\t\t\t\t\t\t\t\t<img loading=\"lazy\" decoding=\"async\" width=\"529\" height=\"402\" src=\"https:\/\/kids.concejodeitagui.gov.co\/wp\/wp-content\/uploads\/2023\/08\/imagen-quien-compone-la-mesa.png\" class=\"attachment-large size-large wp-image-33\" alt=\"\" srcset=\"https:\/\/kids.concejodeitagui.gov.co\/wp\/wp-content\/uploads\/2023\/08\/imagen-quien-compone-la-mesa.png 529w, https:\/\/kids.concejodeitagui.gov.co\/wp\/wp-content\/uploads\/2023\/08\/imagen-quien-compone-la-mesa-300x228.png 300w\" sizes=\"(max-width: 529px) 100vw, 529px\" \/>\t\t\t\t\t\t\t\t\t\t\t\t\t\t\t<\/div>\n\t\t\t\t<\/div>\n\t\t\t\t\t<\/div>\n\t\t<\/div>\n\t\t\t\t\t<\/div>\n\t\t<\/section>\n\t\t\t\t\t<\/div>\n\t\t<\/div>\n\t\t\t\t\t<\/div>\n\t\t<\/section>\n\t\t\t\t<section class=\"elementor-section elementor-top-section elementor-element elementor-element-6693408 elementor-section-boxed elementor-section-height-default elementor-section-height-default\" data-id=\"6693408\" data-element_type=\"section\" data-settings=\"{&quot;background_background&quot;:&quot;classic&quot;}\">\n\t\t\t\t\t\t<div class=\"elementor-container elementor-column-gap-default\">\n\t\t\t\t\t<div class=\"elementor-column elementor-col-100 elementor-top-column elementor-element elementor-element-2e08442\" data-id=\"2e08442\" data-element_type=\"column\">\n\t\t\t<div class=\"elementor-widget-wrap elementor-element-populated\">\n\t\t\t\t\t\t<section class=\"elementor-section elementor-inner-section elementor-element elementor-element-daeec92 elementor-section-boxed elementor-section-height-default elementor-section-height-default\" data-id=\"daeec92\" data-element_type=\"section\">\n\t\t\t\t\t\t<div class=\"elementor-container elementor-column-gap-default\">\n\t\t\t\t\t<div class=\"elementor-column elementor-col-50 elementor-inner-column elementor-element elementor-element-d1591c7\" data-id=\"d1591c7\" data-element_type=\"column\">\n\t\t\t<div class=\"elementor-widget-wrap elementor-element-populated\">\n\t\t\t\t\t\t<div class=\"elementor-element elementor-element-b4a7843 elementor-widget elementor-widget-image\" data-id=\"b4a7843\" data-element_type=\"widget\" data-widget_type=\"image.default\">\n\t\t\t\t<div class=\"elementor-widget-container\">\n\t\t\t\t\t\t\t\t\t\t\t\t\t\t\t<img loading=\"lazy\" decoding=\"async\" width=\"502\" height=\"408\" src=\"https:\/\/kids.concejodeitagui.gov.co\/wp\/wp-content\/uploads\/2023\/08\/imagen-acuerdos-municipales.png\" class=\"attachment-large size-large wp-image-34\" alt=\"\" srcset=\"https:\/\/kids.concejodeitagui.gov.co\/wp\/wp-content\/uploads\/2023\/08\/imagen-acuerdos-municipales.png 502w, https:\/\/kids.concejodeitagui.gov.co\/wp\/wp-content\/uploads\/2023\/08\/imagen-acuerdos-municipales-300x244.png 300w\" sizes=\"(max-width: 502px) 100vw, 502px\" \/>\t\t\t\t\t\t\t\t\t\t\t\t\t\t\t<\/div>\n\t\t\t\t<\/div>\n\t\t\t\t\t<\/div>\n\t\t<\/div>\n\t\t\t\t<div class=\"elementor-column elementor-col-50 elementor-inner-column elementor-element elementor-element-f3b5a40\" data-id=\"f3b5a40\" data-element_type=\"column\">\n\t\t\t<div class=\"elementor-widget-wrap elementor-element-populated\">\n\t\t\t\t\t\t<div class=\"elementor-element elementor-element-9204597 elementor-widget elementor-widget-heading\" data-id=\"9204597\" data-element_type=\"widget\" data-widget_type=\"heading.default\">\n\t\t\t\t<div class=\"elementor-widget-container\">\n\t\t\t\t\t<h2 class=\"elementor-heading-title elementor-size-default\">\u00bfQU\u00c9 SON LOS ACUERDOS\nMUNICIPALES?<\/h2>\t\t\t\t<\/div>\n\t\t\t\t<\/div>\n\t\t\t\t<div class=\"elementor-element elementor-element-798dd43 elementor-widget elementor-widget-text-editor\" data-id=\"798dd43\" data-element_type=\"widget\" data-widget_type=\"text-editor.default\">\n\t\t\t\t<div class=\"elementor-widget-container\">\n\t\t\t\t\t\t\t\t\t<p>Son actos administrativos mediante los cuales el Concejo dicta las normas necesarias para la correcta administraci\u00f3n de los intereses locales. Por su intermedio la corporaci\u00f3n reglamenta las funciones y la eficiente prestaci\u00f3n de los servicios a cargo del municipio.<\/p>\t\t\t\t\t\t\t\t<\/div>\n\t\t\t\t<\/div>\n\t\t\t\t\t<\/div>\n\t\t<\/div>\n\t\t\t\t\t<\/div>\n\t\t<\/section>\n\t\t\t\t\t<\/div>\n\t\t<\/div>\n\t\t\t\t\t<\/div>\n\t\t<\/section>\n\t\t\t\t<section class=\"elementor-section elementor-top-section elementor-element elementor-element-df06853 elementor-section-boxed elementor-section-height-default elementor-section-height-default\" data-id=\"df06853\" data-element_type=\"section\" data-settings=\"{&quot;background_background&quot;:&quot;classic&quot;}\">\n\t\t\t\t\t\t<div class=\"elementor-container elementor-column-gap-default\">\n\t\t\t\t\t<div class=\"elementor-column elementor-col-100 elementor-top-column elementor-element elementor-element-ebeb77f\" data-id=\"ebeb77f\" data-element_type=\"column\">\n\t\t\t<div class=\"elementor-widget-wrap elementor-element-populated\">\n\t\t\t\t\t\t<section class=\"elementor-section elementor-inner-section elementor-element elementor-element-9721114 elementor-section-boxed elementor-section-height-default elementor-section-height-default\" data-id=\"9721114\" data-element_type=\"section\">\n\t\t\t\t\t\t<div class=\"elementor-container elementor-column-gap-default\">\n\t\t\t\t\t<div class=\"elementor-column elementor-col-50 elementor-inner-column elementor-element elementor-element-b2f97a0\" data-id=\"b2f97a0\" data-element_type=\"column\">\n\t\t\t<div class=\"elementor-widget-wrap elementor-element-populated\">\n\t\t\t\t\t\t<div class=\"elementor-element elementor-element-417e942 elementor-widget elementor-widget-heading\" data-id=\"417e942\" data-element_type=\"widget\" data-widget_type=\"heading.default\">\n\t\t\t\t<div class=\"elementor-widget-container\">\n\t\t\t\t\t<h2 class=\"elementor-heading-title elementor-size-default\">\u00bfQU\u00c9 PARTICIPACI\u00d3N TIENE LA CIUDADAN\u00cdA EN EL TR\u00c1MITE DE UN ACUERDO?<\/h2>\t\t\t\t<\/div>\n\t\t\t\t<\/div>\n\t\t\t\t<div class=\"elementor-element elementor-element-e9d2183 elementor-widget elementor-widget-text-editor\" data-id=\"e9d2183\" data-element_type=\"widget\" data-widget_type=\"text-editor.default\">\n\t\t\t\t<div class=\"elementor-widget-container\">\n\t\t\t\t\t\t\t\t\t<p>Toda persona natural o jur\u00eddica podr\u00e1 expresar sus opiniones, o presentar sus observaciones sobre cualquier proyecto de acuerdo cuyo examen se est\u00e9 adelantando en alguna de las comisiones permanentes. Para su intervenci\u00f3n, el interesado deber\u00e1 inscribirse previamente en el libro de registro respectivo. La mesa directiva del concejo dispondr\u00e1 los d\u00edas, horarios y duraci\u00f3n de las intervenciones, as\u00ed como el procedimiento que asegure el debido y oportuno ejercicio de este derecho.<\/p>\t\t\t\t\t\t\t\t<\/div>\n\t\t\t\t<\/div>\n\t\t\t\t\t<\/div>\n\t\t<\/div>\n\t\t\t\t<div class=\"elementor-column elementor-col-50 elementor-inner-column elementor-element elementor-element-53ad045\" data-id=\"53ad045\" data-element_type=\"column\">\n\t\t\t<div class=\"elementor-widget-wrap elementor-element-populated\">\n\t\t\t\t\t\t<div class=\"elementor-element elementor-element-e6f3604 elementor-widget elementor-widget-image\" data-id=\"e6f3604\" data-element_type=\"widget\" data-widget_type=\"image.default\">\n\t\t\t\t<div class=\"elementor-widget-container\">\n\t\t\t\t\t\t\t\t\t\t\t\t\t\t\t<img loading=\"lazy\" decoding=\"async\" width=\"384\" height=\"407\" src=\"https:\/\/kids.concejodeitagui.gov.co\/wp\/wp-content\/uploads\/2023\/08\/imagen-participacion-ciudadana.png\" class=\"attachment-large size-large wp-image-35\" alt=\"\" srcset=\"https:\/\/kids.concejodeitagui.gov.co\/wp\/wp-content\/uploads\/2023\/08\/imagen-participacion-ciudadana.png 384w, https:\/\/kids.concejodeitagui.gov.co\/wp\/wp-content\/uploads\/2023\/08\/imagen-participacion-ciudadana-283x300.png 283w\" sizes=\"(max-width: 384px) 100vw, 384px\" \/>\t\t\t\t\t\t\t\t\t\t\t\t\t\t\t<\/div>\n\t\t\t\t<\/div>\n\t\t\t\t\t<\/div>\n\t\t<\/div>\n\t\t\t\t\t<\/div>\n\t\t<\/section>\n\t\t\t\t\t<\/div>\n\t\t<\/div>\n\t\t\t\t\t<\/div>\n\t\t<\/section>\n\t\t\t\t<\/div>\n\t\t","protected":false},"excerpt":{"rendered":"<p>\u00bfQU\u00c9 ES EL CONCEJO MUNICIPAL? Es la corporaci\u00f3n administrativa de composici\u00f3n plural (colegiada) que existe en cada municipio, cuyos miembros son elegidos por voto popular de los ciudadanos registrados en el respectivo censo electoral, para periodos de cuatro (4) a\u00f1os. (C.N. art. 132). El concejo carece de potestad legislativa, porque ella est\u00e1 concentrada en el [&hellip;]<\/p>\n","protected":false},"author":1,"featured_media":0,"parent":0,"menu_order":0,"comment_status":"closed","ping_status":"closed","template":"","meta":{"footnotes":""},"class_list":["post-11","page","type-page","status-publish","hentry"],"_links":{"self":[{"href":"https:\/\/kids.concejodeitagui.gov.co\/wp\/wp-json\/wp\/v2\/pages\/11","targetHints":{"allow":["GET"]}}],"collection":[{"href":"https:\/\/kids.concejodeitagui.gov.co\/wp\/wp-json\/wp\/v2\/pages"}],"about":[{"href":"https:\/\/kids.concejodeitagui.gov.co\/wp\/wp-json\/wp\/v2\/types\/page"}],"author":[{"embeddable":true,"href":"https:\/\/kids.concejodeitagui.gov.co\/wp\/wp-json\/wp\/v2\/users\/1"}],"replies":[{"embeddable":true,"href":"https:\/\/kids.concejodeitagui.gov.co\/wp\/wp-json\/wp\/v2\/comments?post=11"}],"version-history":[{"count":25,"href":"https:\/\/kids.concejodeitagui.gov.co\/wp\/wp-json\/wp\/v2\/pages\/11\/revisions"}],"predecessor-version":[{"id":140,"href":"https:\/\/kids.concejodeitagui.gov.co\/wp\/wp-json\/wp\/v2\/pages\/11\/revisions\/140"}],"wp:attachment":[{"href":"https:\/\/kids.concejodeitagui.gov.co\/wp\/wp-json\/wp\/v2\/media?parent=11"}],"curies":[{"name":"wp","href":"https:\/\/api.w.org\/{rel}","templated":true}]}}